{"id":166,"date":"2024-02-26T20:50:26","date_gmt":"2024-02-26T23:50:26","guid":{"rendered":"https:\/\/sermusicos.com\/?page_id=166"},"modified":"2024-03-01T00:47:47","modified_gmt":"2024-03-01T03:47:47","slug":"autor","status":"publish","type":"page","link":"https:\/\/sermusicos.com\/index.php\/autor\/","title":{"rendered":"Autor"},"content":{"rendered":"\t\t<div data-elementor-type=\"wp-page\" data-elementor-id=\"166\" class=\"elementor elementor-166\">\n\t\t\t\t<div class=\"elementor-element elementor-element-d8823ef e-flex e-con-boxed e-con e-parent\" data-id=\"d8823ef\" data-element_type=\"container\">\n\t\t\t\t\t<div class=\"e-con-inner\">\n\t\t\t\t<div class=\"elementor-element elementor-element-3384be1 elementor-widget elementor-widget-spacer\" data-id=\"3384be1\" data-element_type=\"widget\" data-widget_type=\"spacer.default\">\n\t\t\t\t\t\t\t<div class=\"elementor-spacer\">\n\t\t\t<div class=\"elementor-spacer-inner\"><\/div>\n\t\t<\/div>\n\t\t\t\t\t\t<\/div>\n\t\t\t\t<div class=\"elementor-element elementor-element-617373f e-transform elementor-widget elementor-widget-heading\" data-id=\"617373f\" data-element_type=\"widget\" data-settings=\"{&quot;_transform_scale_effect&quot;:{&quot;unit&quot;:&quot;px&quot;,&quot;size&quot;:&quot;&quot;,&quot;sizes&quot;:[]},&quot;_transform_scale_effect_tablet&quot;:{&quot;unit&quot;:&quot;px&quot;,&quot;size&quot;:&quot;&quot;,&quot;sizes&quot;:[]},&quot;_transform_scale_effect_mobile&quot;:{&quot;unit&quot;:&quot;px&quot;,&quot;size&quot;:&quot;&quot;,&quot;sizes&quot;:[]}}\" data-widget_type=\"heading.default\">\n\t\t\t\t\t<h2 class=\"elementor-heading-title elementor-size-default\">Rodrigo Granzella: Un Productor Musical Impulsado por la Pasi\u00f3n (Por Sergio Oviedo)<\/h2>\t\t\t\t<\/div>\n\t\t\t\t\t<\/div>\n\t\t\t\t<\/div>\n\t\t<div class=\"elementor-element elementor-element-2a9332e e-flex e-con-boxed e-con e-parent\" data-id=\"2a9332e\" data-element_type=\"container\">\n\t\t\t\t\t<div class=\"e-con-inner\">\n\t\t\t\t<div class=\"elementor-element elementor-element-9857328 elementor-widget elementor-widget-image\" data-id=\"9857328\" data-element_type=\"widget\" data-widget_type=\"image.default\">\n\t\t\t\t\t\t\t\t\t\t\t\t\t\t\t<img fetchpriority=\"high\" decoding=\"async\" width=\"1600\" height=\"1066\" src=\"https:\/\/sermusicos.com\/wp-content\/uploads\/2024\/02\/unnamed.jpg\" class=\"attachment-full size-full wp-image-247\" alt=\"\" \/>\t\t\t\t\t\t\t\t\t\t\t\t\t\t\t<\/div>\n\t\t\t\t\t<\/div>\n\t\t\t\t<\/div>\n\t\t<div class=\"elementor-element elementor-element-29f73ef e-flex e-con-boxed e-con e-parent\" data-id=\"29f73ef\" data-element_type=\"container\">\n\t\t\t\t\t<div class=\"e-con-inner\">\n\t\t\t\t<div class=\"elementor-element elementor-element-3edb535 elementor-widget elementor-widget-spacer\" data-id=\"3edb535\" data-element_type=\"widget\" data-widget_type=\"spacer.default\">\n\t\t\t\t\t\t\t<div class=\"elementor-spacer\">\n\t\t\t<div class=\"elementor-spacer-inner\"><\/div>\n\t\t<\/div>\n\t\t\t\t\t\t<\/div>\n\t\t\t\t<div class=\"elementor-element elementor-element-2410036 elementor-widget elementor-widget-text-editor\" data-id=\"2410036\" data-element_type=\"widget\" data-widget_type=\"text-editor.default\">\n\t\t\t\t\t\t\t\t\t<p>Rodrigo Granzella, nacido en la Ciudad de Buenos Aires en la d\u00e9cada de los 90, es un productor musical cuya vida y obra est\u00e1n indisolublemente ligadas a la m\u00fasica. Desde una infancia marcada por la adversidad, encontr\u00f3 en el arte un refugio y un canal para expresar sus emociones.<\/p><p>Su pasi\u00f3n por la m\u00fasica lo llev\u00f3 a formarse como docente, guitarrista y pianista en el Conservatorio Superior de M\u00fasica &#8220;Astor Piazzolla&#8221;. Posteriormente, profundiz\u00f3 sus estudios en m\u00fasica incidental para cine con Guillermo Guareschi (Los simuladores, Hermanos y Detectives, Musica en Espera, etc.), producci\u00f3n musical y t\u00e9cnica de grabaci\u00f3n con Ariel Rimoldi, culminando con el M\u00e1ster de Mezcla en Soma en Barcelona.<\/p><p>Su experiencia abarca diversos campos de la industria musical: como m\u00fasico sesionista, integr\u00f3 una banda de rock que telone\u00f3 a Viejas Locas. Como compositor con su banda abri\u00f3 el show de Airbag en el Ciudad Emergente 2016. En el \u00e1mbito de la producci\u00f3n, ha trabajado en tracks de teatro musical (Joven Manos de Tijera), cortinas musicales para TV (Separadas de Pol-ka), m\u00fasica para juegos web (Cartoon Network), jingles, cortometrajes y teasers de cine.<\/p><p>En los \u00faltimos 8 a\u00f1os, Rodrigo ha desarrollado una exitosa carrera como curador musical, alimentando playlists de Spotify para sellos discogr\u00e1ficos y artistas independientes, logrando millones de reproducciones en sus producciones y certificaciones de &#8220;Singles de Oro&#8221;.<\/p><p>En julio de 2023, fue reconocido como embajador de Argentina en TheHit.com, la startup m\u00e1s grande de la industria musical a nivel global, donde lidera con una puntuaci\u00f3n absoluta de 5 estrellas en todos sus trabajos.<\/p><p>Hoy, Rodrigo lidera un equipo de trabajo con el que comparte su pasi\u00f3n por la m\u00fasica. Su objetivo es democratizar el acceso a la producci\u00f3n musical de calidad y ayudar a artistas a dar vida a sus proyectos.<\/p><p>Actualmente est\u00e1 desarrollando Sermusicos.com para brindar valor gratuito a toda la comunidad musical y grabando su podcast Ser M\u00fasico donde comparte su aprendizaje e informaci\u00f3n valiosa a todos los que se aventuren a vivir de la creaci\u00f3n musical.<\/p><p>Su compromiso con la m\u00fasica y su talento excepcional lo convierten en un referente de la industria. Rodrigo Granzella es un ejemplo de c\u00f3mo la pasi\u00f3n y la perseverancia pueden convertir los sue\u00f1os en realidad.<\/p><p>Para conocer m\u00e1s sobre su trabajo, puedes visitar:<\/p><ul><li aria-level=\"1\"><p>Sitio web: <a href=\"https:\/\/rodrigogranzella.com\/\">https:\/\/rodrigogranzella.com\/<\/a><\/p><\/li><\/ul><ul><li aria-level=\"1\"><p>Notas de prensa:<\/p><\/li><\/ul><ul><li aria-level=\"2\"><p><a href=\"https:\/\/panoramadirecto.com\/2022\/10\/rodrigo-granzella-para-triunfar-en-la-vida-tenes-que-tener-pasion-por-lo-que-haces.html\">https:\/\/panoramadirecto.com\/2022\/10\/rodrigo-granzella-para-triunfar-en-la-vida-tenes-que-tener-pasion-por-lo-que-haces.html<\/a><\/p><\/li><\/ul><ul><li aria-level=\"2\"><p><a href=\"https:\/\/buenosairesnoduerme.com.ar\/2023\/04\/22\/rodrigo-granzella-mi-objetivo-como-productor-es-democratizar-la-musica\/\">https:\/\/buenosairesnoduerme.com.ar\/2023\/04\/22\/rodrigo-granzella-mi-objetivo-como-productor-es-democratizar-la-musica\/<\/a><\/p><\/li><\/ul><p>Rodrigo Granzella: la m\u00fasica como pasi\u00f3n, vocaci\u00f3n y camino de vida. Rese\u00f1a redactada por Sergio Oviedo.<\/p>\t\t\t\t\t\t\t\t<\/div>\n\t\t\t\t\t<\/div>\n\t\t\t\t<\/div>\n\t\t\t\t<\/div>\n\t\t","protected":false},"excerpt":{"rendered":"<p>Rodrigo Granzella: Un Productor Musical Impulsado por la Pasi\u00f3n (Por Sergio Oviedo) Rodrigo Granzella, nacido en la Ciudad de Buenos [&hellip;]<\/p>\n","protected":false},"author":1,"featured_media":0,"parent":0,"menu_order":0,"comment_status":"closed","ping_status":"closed","template":"","meta":{"om_disable_all_campaigns":false,"_monsterinsights_skip_tracking":false,"_monsterinsights_sitenote_active":false,"_monsterinsights_sitenote_note":"","_monsterinsights_sitenote_category":0,"_uf_show_specific_survey":0,"_uf_disable_surveys":false,"site-sidebar-layout":"no-sidebar","site-content-layout":"","ast-site-content-layout":"full-width-container","site-content-style":"default","site-sidebar-style":"default","ast-global-header-display":"","ast-banner-title-visibility":"","ast-main-header-display":"","ast-hfb-above-header-display":"","ast-hfb-below-header-display":"","ast-hfb-mobile-header-display":"","site-post-title":"disabled","ast-breadcrumbs-content":"","ast-featured-img":"disabled","footer-sml-layout":"","theme-transparent-header-meta":"","adv-header-id-meta":"","stick-header-meta":"","header-above-stick-meta":"","header-main-stick-meta":"","header-below-stick-meta":"","astra-migrate-meta-layouts":"default","ast-page-background-enabled":"default","ast-page-background-meta":{"desktop":{"background-color":"var(--ast-global-color-4)","background-image":"","background-repeat":"repeat","background-position":"center center","background-size":"auto","background-attachment":"scroll","background-type":"","background-media":"","overlay-type":"","overlay-color":"","overlay-gradient":""},"tablet":{"background-color":"","background-image":"","background-repeat":"repeat","background-position":"center center","background-size":"auto","background-attachment":"scroll","background-type":"","background-media":"","overlay-type":"","overlay-color":"","overlay-gradient":""},"mobile":{"background-color":"","background-image":"","background-repeat":"repeat","background-position":"center center","background-size":"auto","background-attachment":"scroll","background-type":"","background-media":"","overlay-type":"","overlay-color":"","overlay-gradient":""}},"ast-content-background-meta":{"desktop":{"background-color":"var(--ast-global-color-5)","background-image":"","background-repeat":"repeat","background-position":"center center","background-size":"auto","background-attachment":"scroll","background-type":"","background-media":"","overlay-type":"","overlay-color":"","overlay-gradient":""},"tablet":{"background-color":"var(--ast-global-color-5)","background-image":"","background-repeat":"repeat","background-position":"center center","background-size":"auto","background-attachment":"scroll","background-type":"","background-media":"","overlay-type":"","overlay-color":"","overlay-gradient":""},"mobile":{"background-color":"var(--ast-global-color-5)","background-image":"","background-repeat":"repeat","background-position":"center center","background-size":"auto","background-attachment":"scroll","background-type":"","background-media":"","overlay-type":"","overlay-color":"","overlay-gradient":""}},"footnotes":""},"class_list":["post-166","page","type-page","status-publish","hentry"],"aioseo_notices":[],"rttpg_featured_image_url":null,"rttpg_author":{"display_name":"Rodrigo Granzella","author_link":"https:\/\/sermusicos.com\/index.php\/author\/sermusicos-com\/"},"rttpg_comment":0,"rttpg_category":null,"rttpg_excerpt":"Rodrigo Granzella: Un Productor Musical Impulsado por la Pasi\u00f3n (Por Sergio Oviedo) Rodrigo Granzella, nacido en la Ciudad de Buenos [&hellip;]","_links":{"self":[{"href":"https:\/\/sermusicos.com\/index.php\/wp-json\/wp\/v2\/pages\/166","targetHints":{"allow":["GET"]}}],"collection":[{"href":"https:\/\/sermusicos.com\/index.php\/wp-json\/wp\/v2\/pages"}],"about":[{"href":"https:\/\/sermusicos.com\/index.php\/wp-json\/wp\/v2\/types\/page"}],"author":[{"embeddable":true,"href":"https:\/\/sermusicos.com\/index.php\/wp-json\/wp\/v2\/users\/1"}],"replies":[{"embeddable":true,"href":"https:\/\/sermusicos.com\/index.php\/wp-json\/wp\/v2\/comments?post=166"}],"version-history":[{"count":17,"href":"https:\/\/sermusicos.com\/index.php\/wp-json\/wp\/v2\/pages\/166\/revisions"}],"predecessor-version":[{"id":312,"href":"https:\/\/sermusicos.com\/index.php\/wp-json\/wp\/v2\/pages\/166\/revisions\/312"}],"wp:attachment":[{"href":"https:\/\/sermusicos.com\/index.php\/wp-json\/wp\/v2\/media?parent=166"}],"curies":[{"name":"wp","href":"https:\/\/api.w.org\/{rel}","templated":true}]}}